{"id":6100,"date":"2018-04-26T10:17:26","date_gmt":"2018-04-26T10:17:26","guid":{"rendered":"https:\/\/e-marabu.com\/?page_id=6100"},"modified":"2026-03-05T15:06:56","modified_gmt":"2026-03-05T15:06:56","slug":"reserven-neu-2","status":"publish","type":"page","link":"https:\/\/e-marabu.com\/de\/reserven-neu-2\/","title":{"rendered":"Reservierung"},"content":{"rendered":"\r\n<div class=\"ppb_menu_multiple one nopadding \" style=\"padding: 50px 0 50px 0;\">\r\n<div class=\"page_content_wrapper fullwidth\">\r\n<div class=\"portfolio_filter_wrapper two_cols gallery portfolio-content section content clearfix\">\r\n<div class=\"element classic2_cols\">\r\n<div class=\"one_half gallery2 filterable static\">\r\n<div class=\"menu_multiple_wrapper\" style=\"height: 470px;\">\r\n<h2 class=\"ppb_menu_title\">Gutscheine<\/h2>\r\n<div class=\"one\">\r\n<div class=\"menu_content_classic\">\r\n<p>Als Geschenkidee bieten wir Ihnen die M\u00f6glichkeit einen Gutschein zu erwerben. Sie w\u00e4hlen das Motiv, den Betrag und die Zahlungsart. Nach Best\u00e4tigung des Zahlungseingangs erhalten Sie eine E-Mail mit der .pdf Datei zum selbst ausdrucken.<\/p>\r\n<p>Als Zahlungsm\u00f6glichkeiten bieten wir Ihnen Paypal \/ Kreditkarte \/ Debitkarte<\/p>\r\n<p>Eine Idee um Ihren Lieben eine Freude zu machen!<\/p>\r\n<p><a class=\"button small clearfix\" style=\"margin-top: 25px; background-color: #f4ae40 !important; color: #ffffff !important; border: 1px solid #f4ae40 !important;\" href=\"https:\/\/evoucho.de\/tool\/shoppingcards.php?kdnr=1037&amp;plz=E-35626\" target=\"_blank\" rel=\"noopener noreferrer\">Hier zur Gutschein Auswahl<\/a><\/p>\r\n<\/div>\r\n<\/div>\r\n<p>&nbsp;<\/p>\r\n<\/div>\r\n<\/div>\r\n<\/div>\r\n<div class=\"element classic2_cols\">\r\n<div class=\"one_half gallery2 filterable static\">\r\n<div class=\"menu_multiple_wrapper\" style=\"height: 470px;\">\r\n<h2 class=\"ppb_menu_title\">Reservierung<\/h2>\r\n<div class=\"one\">\r\n<div class=\"menu_content_classic\">\r\n<p>Es ist ratsam, Ihren Tisch einige Tage im Voraus zu reservieren. Sie k\u00f6nnen ganz einfach mit dem unten stehenden Button reservieren, auch Ihre Sprache ausw\u00e4hlen. W\u00fcnschen Sie f\u00fcr mehr als 8 Personen zu reservieren erreichen Sie uns telefonisch unter +34 928 544098.<br \/><br \/>Wir sind f\u00fcr Sie da: Dienstag bis Samstag von 13 bis 23:00 Uhr.<br \/><br \/>Ruhetage sind Sonntag und Montag.<br \/>\u00a0<\/p>\r\n\r\n<div style=\"display:none\">\r\n<p><a class=\"button small clearfix\" style=\"background-color: #f4ae40; border: 1px solid #f4ae40 !important;\" href=\"https:\/\/restaurante-marabu.resos.com\/booking\" target=\"_blank\" rel=\"noopener noreferrer\">Hier einen Tisch reservieren<\/a><\/p>\r\n<\/div>\r\n\r\n<div>\r\n<p><a class=\"button small clearfix\" style=\"background-color: #f4ae40; border: 1px solid #f4ae40 !important;\" href=\"https:\/\/app.tableo.com\/r\/Hd50hS\/\" target=\"_blank\" rel=\"noopener noreferrer\">Hier einen Tisch reservieren<\/a><\/p>\r\n<\/div>\r\n<\/div>\r\n<p>&nbsp;<\/p>\r\n<p>&nbsp;<\/p>\r\n<\/div>\r\n<\/div>\r\n<p>&nbsp;<\/p>\r\n<\/div>\r\n<\/div>\r\n<\/div>\r\n<\/div>\r\n<\/div>\r\n\r\n\r\n\r\n<p>&nbsp;<\/p>\r\n","protected":false},"excerpt":{"rendered":"<p>Gutscheine Als Geschenkidee bieten wir Ihnen die M\u00f6glichkeit einen Gutschein zu erwerben. Sie w\u00e4hlen das Motiv, den Betrag und die Zahlungsart. Nach Best\u00e4tigung des Zahlungseingangs erhalten Sie eine E-Mail mit der .pdf Datei zum selbst ausdrucken. Als Zahlungsm\u00f6glichkeiten bieten wir [&hellip;]<\/p>\n","protected":false},"author":1,"featured_media":5575,"parent":0,"menu_order":0,"comment_status":"open","ping_status":"closed","template":"","meta":[],"_links":{"self":[{"href":"https:\/\/e-marabu.com\/de\/wp-json\/wp\/v2\/pages\/6100"}],"collection":[{"href":"https:\/\/e-marabu.com\/de\/wp-json\/wp\/v2\/pages"}],"about":[{"href":"https:\/\/e-marabu.com\/de\/wp-json\/wp\/v2\/types\/page"}],"author":[{"embeddable":true,"href":"https:\/\/e-marabu.com\/de\/wp-json\/wp\/v2\/users\/1"}],"replies":[{"embeddable":true,"href":"https:\/\/e-marabu.com\/de\/wp-json\/wp\/v2\/comments?post=6100"}],"version-history":[{"count":83,"href":"https:\/\/e-marabu.com\/de\/wp-json\/wp\/v2\/pages\/6100\/revisions"}],"predecessor-version":[{"id":7939,"href":"https:\/\/e-marabu.com\/de\/wp-json\/wp\/v2\/pages\/6100\/revisions\/7939"}],"wp:featuredmedia":[{"embeddable":true,"href":"https:\/\/e-marabu.com\/de\/wp-json\/wp\/v2\/media\/5575"}],"wp:attachment":[{"href":"https:\/\/e-marabu.com\/de\/wp-json\/wp\/v2\/media?parent=6100"}],"curies":[{"name":"wp","href":"https:\/\/api.w.org\/{rel}","templated":true}]}}