{"id":6096,"date":"2018-04-26T10:15:20","date_gmt":"2018-04-26T10:15:20","guid":{"rendered":"https:\/\/e-marabu.com\/?page_id=6096"},"modified":"2018-07-12T14:12:38","modified_gmt":"2018-07-12T14:12:38","slug":"restaurant","status":"publish","type":"page","link":"https:\/\/e-marabu.com\/de\/restaurant\/","title":{"rendered":"Restaurant"},"content":{"rendered":"<div  class=\"one withsmallpadding ppb_text\" style=\"padding:50px 0 50px 0;\" >\n<div class=\"standard_wrapper\">\n<div class=\"page_content_wrapper\">\n<div class=\"inner\">\n<div style=\"margin:auto;width:100%\">\n<div style=\"margin:auto;width:100%;text-align:center;\">\n<h2 class=\"ppb_menu_title\">Das Restaurant<\/h2>\n<\/div>\n<\/div>\n<\/div>\n<\/div>\n<\/div>\n<\/div>\n<div  class=\"one withsmallpadding ppb_text\" style=\"padding:10px 0 10px 0;\" >\n<div class=\"standard_wrapper\">\n<div class=\"page_content_wrapper\">\n<div class=\"inner\">\n<div style=\"margin:auto;width:100%\">\n<p style=\"text-align: left;\">In den Reisef\u00fchrern von Repsol und Marco Polo sind wir eines der ausgezeichneten Restaurants, bekannt \u00fcber den S\u00fcden von Fuerteventura hinaus. Lassen Sie sich In einem warmen, und stilvollen Ambiente mit unseren K\u00f6stlichkeiten aus K\u00fcche und Keller verw\u00f6hnen. Geniessen und relaxen Sie in unserem Garten unter dem Himmel des S\u00fcdens.<\/p>\n<\/div>\n<\/div>\n<\/div>\n<\/div>\n<\/div>\n<div class=\"divider one\">&nbsp;<\/div>\n<div  class=\"one\">\n<div id=\"15314047571417501506\" class=\"photo_wall_wrapper shortcode \">\n<div class=\"wall_entry \">\n<div class=\"wall_thumbnail\"><a class=\"fancy-gallery\" href=\"https:\/\/e-marabu.com\/wp-content\/uploads\/2017\/09\/marabu_restaurante_8.jpg\" title=\"\" ><img src=\"https:\/\/e-marabu.com\/wp-content\/uploads\/2017\/09\/marabu_restaurante_8-400x400.jpg\" alt=\"\"\/><\/a><\/div>\n<\/div>\n<div class=\"wall_entry \">\n<div class=\"wall_thumbnail\"><a class=\"fancy-gallery\" href=\"https:\/\/e-marabu.com\/wp-content\/uploads\/2017\/09\/marabu_restaurante_3.jpg\" title=\"\" ><img src=\"https:\/\/e-marabu.com\/wp-content\/uploads\/2017\/09\/marabu_restaurante_3-400x400.jpg\" alt=\"\"\/><\/a><\/div>\n<\/div>\n<div class=\"wall_entry \">\n<div class=\"wall_thumbnail\"><a class=\"fancy-gallery\" href=\"https:\/\/e-marabu.com\/wp-content\/uploads\/2017\/09\/marabu_restaurante_5.jpg\" title=\"\" ><img src=\"https:\/\/e-marabu.com\/wp-content\/uploads\/2017\/09\/marabu_restaurante_5-400x400.jpg\" alt=\"\"\/><\/a><\/div>\n<\/div>\n<div class=\"wall_entry \">\n<div class=\"wall_thumbnail\"><a class=\"fancy-gallery\" href=\"https:\/\/e-marabu.com\/wp-content\/uploads\/2017\/09\/marabu_restaurante_4.jpg\" title=\"\" ><img src=\"https:\/\/e-marabu.com\/wp-content\/uploads\/2017\/09\/marabu_restaurante_4-400x400.jpg\" alt=\"\"\/><\/a><\/div>\n<\/div>\n<div class=\"wall_entry \">\n<div class=\"wall_thumbnail\"><a class=\"fancy-gallery\" href=\"https:\/\/e-marabu.com\/wp-content\/uploads\/2017\/09\/marabu_restaurante_6.jpg\" title=\"\" ><img src=\"https:\/\/e-marabu.com\/wp-content\/uploads\/2017\/09\/marabu_restaurante_6-400x400.jpg\" alt=\"\"\/><\/a><\/div>\n<\/div>\n<div class=\"wall_entry \">\n<div class=\"wall_thumbnail\"><a class=\"fancy-gallery\" href=\"https:\/\/e-marabu.com\/wp-content\/uploads\/2017\/08\/marabu_noticias.jpg\" title=\"\" ><img src=\"https:\/\/e-marabu.com\/wp-content\/uploads\/2017\/08\/marabu_noticias-400x400.jpg\" alt=\"\"\/><\/a><\/div>\n<\/div>\n<div class=\"wall_entry \">\n<div class=\"wall_thumbnail\"><a class=\"fancy-gallery\" href=\"https:\/\/e-marabu.com\/wp-content\/uploads\/2017\/09\/marabu_restaurante_7.jpg\" title=\"\" ><img src=\"https:\/\/e-marabu.com\/wp-content\/uploads\/2017\/09\/marabu_restaurante_7-400x400.jpg\" alt=\"\"\/><\/a><\/div>\n<\/div>\n<div class=\"wall_entry \">\n<div class=\"wall_thumbnail\"><a class=\"fancy-gallery\" href=\"https:\/\/e-marabu.com\/wp-content\/uploads\/2017\/09\/marabu_restaurante_2.jpg\" title=\"\" ><img src=\"https:\/\/e-marabu.com\/wp-content\/uploads\/2017\/09\/marabu_restaurante_2-400x400.jpg\" alt=\"\"\/><\/a><\/div>\n<\/div>\n<\/div>\n<\/div>\n","protected":false},"excerpt":{"rendered":"<p>Das Restaurant In den Reisef\u00fchrern von Repsol und Marco Polo sind wir eines der ausgezeichneten Restaurants, bekannt \u00fcber den S\u00fcden von Fuerteventura hinaus. Lassen Sie sich In einem warmen, und stilvollen Ambiente mit unseren K\u00f6stlichkeiten aus K\u00fcche und Keller verw\u00f6hnen. [&hellip;]<\/p>\n","protected":false},"author":1,"featured_media":5497,"parent":0,"menu_order":0,"comment_status":"open","ping_status":"closed","template":"","meta":[],"_links":{"self":[{"href":"https:\/\/e-marabu.com\/de\/wp-json\/wp\/v2\/pages\/6096"}],"collection":[{"href":"https:\/\/e-marabu.com\/de\/wp-json\/wp\/v2\/pages"}],"about":[{"href":"https:\/\/e-marabu.com\/de\/wp-json\/wp\/v2\/types\/page"}],"author":[{"embeddable":true,"href":"https:\/\/e-marabu.com\/de\/wp-json\/wp\/v2\/users\/1"}],"replies":[{"embeddable":true,"href":"https:\/\/e-marabu.com\/de\/wp-json\/wp\/v2\/comments?post=6096"}],"version-history":[{"count":8,"href":"https:\/\/e-marabu.com\/de\/wp-json\/wp\/v2\/pages\/6096\/revisions"}],"predecessor-version":[{"id":6564,"href":"https:\/\/e-marabu.com\/de\/wp-json\/wp\/v2\/pages\/6096\/revisions\/6564"}],"wp:featuredmedia":[{"embeddable":true,"href":"https:\/\/e-marabu.com\/de\/wp-json\/wp\/v2\/media\/5497"}],"wp:attachment":[{"href":"https:\/\/e-marabu.com\/de\/wp-json\/wp\/v2\/media?parent=6096"}],"curies":[{"name":"wp","href":"https:\/\/api.w.org\/{rel}","templated":true}]}}