{"id":5993,"date":"2018-04-25T15:39:07","date_gmt":"2018-04-25T15:39:07","guid":{"rendered":"https:\/\/e-marabu.com\/?page_id=5993"},"modified":"2018-05-07T22:26:50","modified_gmt":"2018-05-07T22:26:50","slug":"home-de","status":"publish","type":"page","link":"https:\/\/e-marabu.com\/de\/","title":{"rendered":"Home"},"content":{"rendered":"<div  class=\"one fullwidth \"><link href=\"http:\/\/fonts.googleapis.com\/css?family=Kristi:400%7CLato:300%2C400\" rel=\"stylesheet\" property=\"stylesheet\" type=\"text\/css\" media=\"all\">\n<div id=\"rev_slider_13_1_wrapper\" class=\"rev_slider_wrapper fullscreen-container\" data-alias=\"home-1-slider-de\" data-source=\"gallery\" style=\"background:#262626;padding:0px;\">\n<!-- START REVOLUTION SLIDER 5.4.5.1 fullscreen mode --><\/p>\n<div id=\"rev_slider_13_1\" class=\"rev_slider fullscreenbanner\" style=\"display:none;\" data-version=\"5.4.5.1\">\n<ul>\t<!-- SLIDE  --><\/p>\n<li data-index=\"rs-13\" data-transition=\"zoomin\" data-slotamount=\"7\" data-hideafterloop=\"0\" data-hideslideonmobile=\"off\"  data-easein=\"default\" data-easeout=\"default\" data-masterspeed=\"300\"  data-thumb=\"https:\/\/e-marabu.com\/wp-content\/uploads\/2017\/09\/slider1-100x50.jpg\"  data-rotate=\"0\"  data-saveperformance=\"on\"  data-title=\"Slide\" data-param1=\"\" data-param2=\"\" data-param3=\"\" data-param4=\"\" data-param5=\"\" data-param6=\"\" data-param7=\"\" data-param8=\"\" data-param9=\"\" data-param10=\"\" data-description=\"\">\n\t\t<!-- MAIN IMAGE --><br \/>\n\t\t<img loading=\"lazy\" src=\"https:\/\/e-marabu.com\/wp-content\/uploads\/2017\/09\/slider1.jpg\"  alt=\"\" title=\"slider1\"  width=\"1300\" height=\"867\" data-bgposition=\"center top\" data-bgfit=\"cover\" data-bgrepeat=\"no-repeat\" class=\"rev-slidebg\" data-no-retina><br \/>\n\t\t<!-- LAYERS --><\/p>\n<p>\t\t<!-- LAYER NR. 1 --><\/p>\n<div class=\"tp-caption title-first-word   tp-resizeme\" \n\t\t\t id=\"slide-13-layer-1\" \n\t\t\t data-x=\"100\" \n\t\t\t data-y=\"center\" data-voffset=\"-252\" \n\t\t\t\t\t\tdata-width=\"['auto']\"\n\t\t\tdata-height=\"['auto']\"\n \n\t\t\tdata-type=\"text\" \n\t\t\tdata-responsive_offset=\"on\" \n\n\t\t\tdata-frames='[{\"delay\":450,\"speed\":300,\"frame\":\"0\",\"from\":\"opacity:0;\",\"to\":\"o:1;\",\"ease\":\"Power3.easeInOut\"},{\"delay\":\"wait\",\"speed\":300,\"frame\":\"999\",\"to\":\"auto:auto;\",\"ease\":\"nothing\"}]'\n\t\t\tdata-textAlign=\"['inherit','inherit','inherit','inherit']\"\n\t\t\tdata-paddingtop=\"[0,0,0,0]\"\n\t\t\tdata-paddingright=\"[0,0,0,0]\"\n\t\t\tdata-paddingbottom=\"[0,0,0,0]\"\n\t\t\tdata-paddingleft=\"[0,0,0,0]\"\n\n\t\t\tstyle=\"z-index: 5; white-space: nowrap; font-weight: 400; color: #964c93; letter-spacing: px;\">Herzlich willkommen im <\/div>\n<p>\t\t<!-- LAYER NR. 2 --><\/p>\n<div class=\"tp-caption title   tp-resizeme\" \n\t\t\t id=\"slide-13-layer-2\" \n\t\t\t data-x=\"90\" \n\t\t\t data-y=\"center\" data-voffset=\"-190\" \n\t\t\t\t\t\tdata-width=\"['auto']\"\n\t\t\tdata-height=\"['auto']\"\n \n\t\t\tdata-type=\"text\" \n\t\t\tdata-responsive_offset=\"on\" \n\n\t\t\tdata-frames='[{\"delay\":500,\"speed\":300,\"frame\":\"0\",\"from\":\"opacity:0;\",\"to\":\"o:1;\",\"ease\":\"Power3.easeInOut\"},{\"delay\":\"wait\",\"speed\":300,\"frame\":\"999\",\"to\":\"auto:auto;\",\"ease\":\"nothing\"}]'\n\t\t\tdata-textAlign=\"['inherit','inherit','inherit','inherit']\"\n\t\t\tdata-paddingtop=\"[0,0,0,0]\"\n\t\t\tdata-paddingright=\"[0,0,0,0]\"\n\t\t\tdata-paddingbottom=\"[0,0,0,0]\"\n\t\t\tdata-paddingleft=\"[0,0,0,0]\"\n\n\t\t\tstyle=\"z-index: 6; white-space: nowrap; line-height: px; color: #000000; letter-spacing: px;\">Restaurante<strong> Marab\u00fa<\/strong> <\/div>\n<p>\t\t<!-- LAYER NR. 3 --><\/p>\n<div class=\"tp-caption sub-title   tp-resizeme\" \n\t\t\t id=\"slide-13-layer-3\" \n\t\t\t data-x=\"97\" \n\t\t\t data-y=\"center\" data-voffset=\"-121\" \n\t\t\t\t\t\tdata-width=\"['599']\"\n\t\t\tdata-height=\"['52']\"\n \n\t\t\tdata-type=\"text\" \n\t\t\tdata-responsive_offset=\"on\" \n\n\t\t\tdata-frames='[{\"delay\":500,\"speed\":300,\"frame\":\"0\",\"from\":\"opacity:0;\",\"to\":\"o:1;\",\"ease\":\"Power3.easeInOut\"},{\"delay\":\"wait\",\"speed\":300,\"frame\":\"999\",\"to\":\"auto:auto;\",\"ease\":\"nothing\"}]'\n\t\t\tdata-textAlign=\"['inherit','inherit','inherit','inherit']\"\n\t\t\tdata-paddingtop=\"[0,0,0,0]\"\n\t\t\tdata-paddingright=\"[0,0,0,0]\"\n\t\t\tdata-paddingbottom=\"[0,0,0,0]\"\n\t\t\tdata-paddingleft=\"[0,0,0,0]\"\n\n\t\t\tstyle=\"z-index: 7; min-width: 599px; max-width: 599px; max-width: 52px; max-width: 52px; white-space: nowrap; color: #964c93; letter-spacing: px;\">Ein F\u00e4cher f\u00fcr die Sinne des Gaumens begleitet mit dem Besten der Bodega. <\/div>\n<\/li>\n<\/ul>\n<div class=\"tp-bannertimer tp-bottom\" style=\"visibility: hidden !important;\"><\/div>\n<\/p><\/div>\n<style>.tp-caption.title-first-word,.title-first-word{font-size:60px;line-height:50px;font-family:Kristi;color:#cfa670;text-decoration:none;background-color:transparent;border-width:0px;border-color:rgb(0,0,0);border-style:none;text-shadow:none}.tp-caption.title,.title{font-size:65px;font-weight:300;font-family:Lato;color:rgb(255,255,255);text-decoration:none;background-color:transparent;border-width:0px;border-color:rgb(0,0,0);border-style:none;text-shadow:none;text-transform:uppercase;letter-spacing:-3px}.tp-caption.sub-title,.sub-title{font-size:20px;line-height:24px;font-weight:400;font-family:Lato;color:rgb(255,255,255);text-decoration:none;background-color:transparent;border-width:0px;border-color:rgb(0,0,0);border-style:none;text-shadow:none;text-transform:uppercase;letter-spacing:-1px}<\/style>\n<p>\t\t<script type=\"text\/javascript\">\nsetREVStartSize({c: jQuery('#rev_slider_13_1'), gridwidth: [1425], gridheight: [650], sliderLayout: 'fullscreen', fullScreenAutoWidth:'off', fullScreenAlignForce:'off', fullScreenOffsetContainer:'', fullScreenOffset:''});<\/p>\n<p>var revapi13,\n\ttpj=jQuery;\ntpj.noConflict();\t\t\t\ntpj(document).ready(function() {\n\tif(tpj(\"#rev_slider_13_1\").revolution == undefined){\n\t\trevslider_showDoubleJqueryError(\"#rev_slider_13_1\");\n\t}else{\n\t\trevapi13 = tpj(\"#rev_slider_13_1\").show().revolution({\n\t\t\tsliderType:\"standard\",\n\t\t\tjsFileLocation:\"\/\/e-marabu.com\/wp-content\/plugins\/revslider\/public\/assets\/js\/\",\n\t\t\tsliderLayout:\"fullscreen\",\n\t\t\tdottedOverlay:\"none\",\n\t\t\tdelay:7000,\n\t\t\tnavigation: {\n\t\t\t\tkeyboardNavigation:\"off\",\n\t\t\t\tkeyboard_direction: \"horizontal\",\n\t\t\t\tmouseScrollNavigation:\"off\",\n \t\t\t\t\t\t\tmouseScrollReverse:\"default\",\n\t\t\t\tonHoverStop:\"off\",\n\t\t\t\ttouch:{\n\t\t\t\t\ttouchenabled:\"on\",\n\t\t\t\t\ttouchOnDesktop:\"off\",\n\t\t\t\t\tswipe_threshold: 75,\n\t\t\t\t\tswipe_min_touches: 1,\n\t\t\t\t\tswipe_direction: \"horizontal\",\n\t\t\t\t\tdrag_block_vertical: false\n\t\t\t\t}\n\t\t\t},\n\t\t\tvisibilityLevels:[1240,1024,778,480],\n\t\t\tgridwidth:1425,\n\t\t\tgridheight:650,\n\t\t\tlazyType:\"none\",\n\t\t\tshadow:0,\n\t\t\tspinner:\"spinner3\",\n\t\t\tstopLoop:\"off\",\n\t\t\tstopAfterLoops:-1,\n\t\t\tstopAtSlide:-1,\n\t\t\tshuffle:\"off\",\n\t\t\tautoHeight:\"off\",\n\t\t\tfullScreenAutoWidth:\"off\",\n\t\t\tfullScreenAlignForce:\"off\",\n\t\t\tfullScreenOffsetContainer: \"\",\n\t\t\tfullScreenOffset: \"\",\n\t\t\tdisableProgressBar:\"on\",\n\t\t\thideThumbsOnMobile:\"off\",\n\t\t\thideSliderAtLimit:0,\n\t\t\thideCaptionAtLimit:0,\n\t\t\thideAllCaptionAtLilmit:0,\n\t\t\tdebugMode:false,\n\t\t\tfallbacks: {\n\t\t\t\tsimplifyAll:\"off\",\n\t\t\t\tnextSlideOnWindowFocus:\"off\",\n\t\t\t\tdisableFocusListener:false,\n\t\t\t}\n\t\t});\n\t}<\/p>\n<p>});\t\/*ready*\/\n<\/script><\/p>\n<style type=\"text\/css\">\t#rev_slider_13_1_wrapper .tp-loader.spinner3{ background-color: #444444 !important; } <\/style>\n<\/div>\n<p><!-- END REVOLUTION SLIDER --><\/div>\n<div  class=\"one withsmallpadding ppb_text\" style=\"text-align:center;padding-bottom:0 !important;padding:50px 0 50px 0;\" >\n<div class=\"standard_wrapper\">\n<div class=\"page_content_wrapper\">\n<div class=\"inner\">\n<div style=\"margin:auto;width:60%\">\n<div style=\"font-size:30px;text-transform:uppercase;letter-spacing:-1px;font-weight:300;\">Internationale und kreative K\u00fcche bei der die wichtigste Zutat die Qualit\u00e4t ist<\/div>\n<p><span style=\"font-family:Kristi;font-size:40px;font-weight:600;\">Ralf Johmann<\/span><\/p>\n<\/div>\n<\/div>\n<\/div>\n<\/div>\n<\/div>\n<div  class=\"one ppb_card_two_cols_with_image\" style=\"padding: 50px 0 70px 0 !important;position:relative;padding:40px 0 40px 0;\" >\n<div class=\"standard_wrapper\">\n<div class=\"page_content_wrapper\">\n<div class=\"inner\">\n<div class=\"one_half parallax_scroll_image\" style=\"width:65%;\"><\/div>\n<div class=\"one_half last parallax_scroll\" style=\"width:40%;position:absolute;right:90px;padding:40px;background:#ffffff;\" data-stellar-ratio=\"1.3\">\n<h2 class=\"ppb_title\" ><span class=\"ppb_title_first\" >Entdecke<\/span>unsere Geschichte<\/h2>\n<div class=\"ppb_subtitle\" >Herzlich willkommen im Restaurante Marabu<\/div>\n<div class=\"page_header_sep left\" ><\/div>\n<p>Zwischen Costa Calma und Morro Jable  gelegen, verw\u00f6hnen wir unseren G\u00e4ste mit exzellenter K\u00fcche in einem gepflegten Ambiente. In Begleitung vom Besten aus dem Weinkeller fachkundig serviert.<\/p>\n<p>Sie erwarten R\u00e4umlichkeiten aus verschiedenen Zonen und eine gepflegte Gartenterrasse die zum entspannen einl\u00e4dt. Besuchen Sie uns. Wir erwarten sie.<\/p><\/div>\n<p><br class=\"clear\"\/><\/div>\n<\/div>\n<\/div>\n<\/div>\n<div class=\"divider one\">&nbsp;<\/div>\n<div  class=\"parallax title\" data-image=\"https:\/\/e-marabu.com\/wp-content\/uploads\/2017\/09\/marabu_postres.jpg\" data-width=\"1800\" data-height=\"1200\" data-content-height=\"60\" >\n<div class=\"parallax_title\">\n<h2 class=\"ppb_title\"><span class=\"ppb_title_first\" >K\u00f6stliche<\/span>Erfahrungen<\/h2>\n<\/div>\n<\/div>\n<div  class=\"ppb_portfolio one nopadding \" style=\"portfolio_desc {  visibility: hidden; }padding:0px 0 0px 0;\" >\n<div class=\"page_content_wrapper fullwidth\"><\/div>\n<\/div>\n<div  class=\"parallax title\" data-image=\"https:\/\/e-marabu.com\/wp-content\/uploads\/2017\/09\/marabu_carnes.jpg\" data-width=\"1800\" data-height=\"1200\" data-content-height=\"60\" >\n<div class=\"parallax_title\">\n<h2 class=\"ppb_title\"><span class=\"ppb_title_first\" >Einmaliger<\/span>Geschmack<\/h2>\n<\/div>\n<\/div>\n<div class=\"divider one\">&nbsp;<\/div>\n<div  class=\"one ppb_card_two_cols_with_image\" style=\"padding: 70px 0 70px 0 !important;position:relative;padding:40px 0 40px 0;\" >\n<div class=\"standard_wrapper\">\n<div class=\"page_content_wrapper\">\n<div class=\"inner\">\n<div class=\"one_half parallax_scroll_image\" style=\"width:65%;\">\n<div class=\"image_classic_frame expand\">\n<div class=\"image_wrapper\"><a href=\"https:\/\/e-marabu.com\/wp-content\/uploads\/2017\/09\/marabu_restaurante_7.jpg\" class=\"img_frame\"><img src=\"https:\/\/e-marabu.com\/wp-content\/uploads\/2017\/09\/marabu_restaurante_7.jpg\" class=\"portfolio_img\" alt=\"\"\/><\/a><\/div>\n<\/div>\n<\/div>\n<div class=\"one_half last parallax_scroll\" style=\"width:40%;position:absolute;right:90px;padding:40px;background:#ffffff;\" data-stellar-ratio=\"1.3\">\n<h2 class=\"ppb_title\" ><span class=\"ppb_title_first\" >Unser<\/span>Restaurant <\/h2>\n<div class=\"ppb_subtitle\" >In den Reisef\u00fchrern von Repsol und Marco Polo sind wir eines der ausgezeichneten Restaurants<\/div>\n<div class=\"page_header_sep left\" ><\/div>\n<p>In den Reisef\u00fchrern von Repsol und Marco Polo sind wir eines der ausgezeichneten Restaurants, bekannt \u00fcber den S\u00fcden von Fuerteventura hinaus. Lassen Sie sich In einem warmen, und stilvollen Ambiente mit unseren K\u00f6stlichkeiten aus K\u00fcche und Keller verw\u00f6hnen. In unserem Garten relaxen und genie\u00dfen sie den freiem Himmel.<\/p>\n<p><a href=\"https:\/\/e-marabu.com\/?page_id=5594\" class=\"button\">Galerie ansehen<\/a><\/div>\n<p><br class=\"clear\"\/><\/div>\n<\/div>\n<\/div>\n<\/div>\n<div class=\"divider one\">&nbsp;<\/div>\n","protected":false},"excerpt":{"rendered":"<p>Herzlich willkommen im Restaurante Marab\u00fa Ein F\u00e4cher f\u00fcr die Sinne des Gaumens begleitet mit dem Besten der Bodega. Internationale und kreative K\u00fcche bei der die wichtigste Zutat die Qualit\u00e4t ist Ralf Johmann Entdeckeunsere Geschichte Herzlich willkommen im Restaurante Marabu Zwischen [&hellip;]<\/p>\n","protected":false},"author":1,"featured_media":0,"parent":0,"menu_order":0,"comment_status":"open","ping_status":"open","template":"","meta":[],"_links":{"self":[{"href":"https:\/\/e-marabu.com\/de\/wp-json\/wp\/v2\/pages\/5993"}],"collection":[{"href":"https:\/\/e-marabu.com\/de\/wp-json\/wp\/v2\/pages"}],"about":[{"href":"https:\/\/e-marabu.com\/de\/wp-json\/wp\/v2\/types\/page"}],"author":[{"embeddable":true,"href":"https:\/\/e-marabu.com\/de\/wp-json\/wp\/v2\/users\/1"}],"replies":[{"embeddable":true,"href":"https:\/\/e-marabu.com\/de\/wp-json\/wp\/v2\/comments?post=5993"}],"version-history":[{"count":8,"href":"https:\/\/e-marabu.com\/de\/wp-json\/wp\/v2\/pages\/5993\/revisions"}],"predecessor-version":[{"id":6308,"href":"https:\/\/e-marabu.com\/de\/wp-json\/wp\/v2\/pages\/5993\/revisions\/6308"}],"wp:attachment":[{"href":"https:\/\/e-marabu.com\/de\/wp-json\/wp\/v2\/media?parent=5993"}],"curies":[{"name":"wp","href":"https:\/\/api.w.org\/{rel}","templated":true}]}}